{"id":13624,"date":"2024-02-27T22:13:26","date_gmt":"2024-02-27T20:13:26","guid":{"rendered":"https:\/\/echilibrat.eu\/?page_id=13624"},"modified":"2024-10-30T22:49:04","modified_gmt":"2024-10-30T20:49:04","slug":"ne-vedem-online","status":"publish","type":"page","link":"https:\/\/echilibrat.eu\/index.php\/ne-vedem-online\/","title":{"rendered":"Ne vedem online?"},"content":{"rendered":"\t\t<div data-elementor-type=\"wp-page\" data-elementor-id=\"13624\" class=\"elementor elementor-13624\" data-elementor-post-type=\"page\">\n\t\t\t\t\t\t<section class=\"elementor-section elementor-top-section elementor-element elementor-element-a9f152c elementor-section-full_width elementor-section-stretched elementor-section-height-default elementor-section-height-default\" data-id=\"a9f152c\" data-element_type=\"section\" data-settings=\"{&quot;stretch_section&quot;:&quot;section-stretched&quot;,&quot;background_background&quot;:&quot;classic&quot;}\">\n\t\t\t\t\t\t<div class=\"elementor-container elementor-column-gap-default\">\n\t\t\t\t\t<div class=\"elementor-column elementor-col-100 elementor-top-column elementor-element elementor-element-33d7dfc\" data-id=\"33d7dfc\" data-element_type=\"column\">\n\t\t\t<div class=\"elementor-widget-wrap elementor-element-populated\">\n\t\t\t\t\t\t<div class=\"elementor-element elementor-element-6d1acd9 elementor-widget elementor-widget-text-editor\" data-id=\"6d1acd9\" data-element_type=\"widget\" data-widget_type=\"text-editor.default\">\n\t\t\t\t<div class=\"elementor-widget-container\">\n\t\t\t<style>\/*! elementor - v3.20.0 - 26-03-2024 *\/\n.elementor-widget-text-editor.elementor-drop-cap-view-stacked .elementor-drop-cap{background-color:#69727d;color:#fff}.elementor-widget-text-editor.elementor-drop-cap-view-framed .elementor-drop-cap{color:#69727d;border:3px solid;background-color:transparent}.elementor-widget-text-editor:not(.elementor-drop-cap-view-default) .elementor-drop-cap{margin-top:8px}.elementor-widget-text-editor:not(.elementor-drop-cap-view-default) .elementor-drop-cap-letter{width:1em;height:1em}.elementor-widget-text-editor .elementor-drop-cap{float:left;text-align:center;line-height:1;font-size:50px}.elementor-widget-text-editor .elementor-drop-cap-letter{display:inline-block}<\/style>\t\t\t\t<p>Suntem aici pentru tine!<\/p>\t\t\t\t\t\t<\/div>\n\t\t\t\t<\/div>\n\t\t\t\t<div class=\"elementor-element elementor-element-34d6d4b elementor-widget elementor-widget-heading\" data-id=\"34d6d4b\" data-element_type=\"widget\" data-widget_type=\"heading.default\">\n\t\t\t\t<div class=\"elementor-widget-container\">\n\t\t\t<style>\/*! elementor - v3.20.0 - 26-03-2024 *\/\n.elementor-heading-title{padding:0;margin:0;line-height:1}.elementor-widget-heading .elementor-heading-title[class*=elementor-size-]>a{color:inherit;font-size:inherit;line-height:inherit}.elementor-widget-heading .elementor-heading-title.elementor-size-small{font-size:15px}.elementor-widget-heading .elementor-heading-title.elementor-size-medium{font-size:19px}.elementor-widget-heading .elementor-heading-title.elementor-size-large{font-size:29px}.elementor-widget-heading .elementor-heading-title.elementor-size-xl{font-size:39px}.elementor-widget-heading .elementor-heading-title.elementor-size-xxl{font-size:59px}<\/style><h2 class=\"elementor-heading-title elementor-size-default\">Ai nevoie de mai mult? Hai s\u0103 lu\u0103m leg\u0103tura!<\/h2>\t\t<\/div>\n\t\t\t\t<\/div>\n\t\t\t\t<div class=\"elementor-element elementor-element-48cce8f elementor-widget elementor-widget-text-editor\" data-id=\"48cce8f\" data-element_type=\"widget\" data-widget_type=\"text-editor.default\">\n\t\t\t\t<div class=\"elementor-widget-container\">\n\t\t\t\t\t\t\t<p>Rezerv\u0103 o \u00eent\u00e2lnire de<strong> 30 de minute<\/strong> \u0219i hai s\u0103 ne vedem online. \u00ce\u021bi voi r\u0103spunde la toate \u00eentreb\u0103rile astfel \u00eenc\u00e2t s\u0103 po\u021bi lua o decizie informat\u0103. Prime\u0219ti la final \u0219i un discount suplimentar de <strong>cel pu\u021bin 10%<\/strong> care \u00eempreun\u0103 cu Voucherul 10 (<span style=\"color: #00ccff;\"><a style=\"color: #00ccff;\" href=\"https:\/\/echilibrat.eu\/index.php\/10-voucher\/\" target=\"_blank\" rel=\"noopener\">click aici<\/a><\/span>) te va ajuta s\u0103 economise\u0219ti mult la achizi\u021bionarea programelor de curs .<\/p>\t\t\t\t\t\t<\/div>\n\t\t\t\t<\/div>\n\t\t\t\t<div class=\"elementor-element elementor-element-af307ea elementor-widget elementor-widget-shortcode\" data-id=\"af307ea\" data-element_type=\"widget\" data-widget_type=\"shortcode.default\">\n\t\t\t\t<div class=\"elementor-widget-container\">\n\t\t\t\t\t<div class=\"elementor-shortcode\"><!-- Calendly inline widget begin -->\n<div class=\"calendly-inline-widget\" data-url=\"https:\/\/calendly.com\/phygital-h\/video-meeting\" style=\"min-width:320px;height:700px;\"><\/div>\n<script type=\"text\/javascript\" src=\"https:\/\/assets.calendly.com\/assets\/external\/widget.js\" async><\/script>\n<!-- Calendly inline widget end --><\/div>\n\t\t\t\t<\/div>\n\t\t\t\t<\/div>\n\t\t\t\t\t<\/div>\n\t\t<\/div>\n\t\t\t\t\t<\/div>\n\t\t<\/section>\n\t\t\t\t<section class=\"elementor-section elementor-top-section elementor-element elementor-element-3f8047f9 elementor-section-full_width elementor-section-stretched elementor-section-height-default elementor-section-height-default\" data-id=\"3f8047f9\" data-element_type=\"section\" data-settings=\"{&quot;stretch_section&quot;:&quot;section-stretched&quot;,&quot;background_background&quot;:&quot;classic&quot;}\">\n\t\t\t\t\t\t<div class=\"elementor-container elementor-column-gap-default\">\n\t\t\t\t\t<div class=\"elementor-column elementor-col-100 elementor-top-column elementor-element elementor-element-8531df1\" data-id=\"8531df1\" data-element_type=\"column\">\n\t\t\t<div class=\"elementor-widget-wrap\">\n\t\t\t\t\t\t\t<\/div>\n\t\t<\/div>\n\t\t\t\t\t<\/div>\n\t\t<\/section>\n\t\t\t\t<\/div>\n\t\t","protected":false},"excerpt":{"rendered":"<p>Suntem aici pentru tine! Ai nevoie de mai mult? Hai s\u0103 lu\u0103m leg\u0103tura! Rezerv\u0103 o \u00eent\u00e2lnire de 30 de minute&#8230;<\/p>\n","protected":false},"author":1,"featured_media":0,"parent":0,"menu_order":0,"comment_status":"closed","ping_status":"closed","template":"elementor_header_footer","meta":{"footnotes":""},"class_list":["post-13624","page","type-page","status-publish","hentry"],"yoast_head":"<!-- This site is optimized with the Yoast SEO plugin v27.5 - https:\/\/yoast.com\/product\/yoast-seo-wordpress\/ -->\n<title>Ne vedem online? - echilibrat.eu<\/title>\n<meta name=\"robots\" content=\"index, follow, max-snippet:-1, max-image-preview:large, max-video-preview:-1\" \/>\n<link rel=\"canonical\" href=\"https:\/\/echilibrat.eu\/index.php\/ne-vedem-online\/\" \/>\n<meta property=\"og:locale\" content=\"en_GB\" \/>\n<meta property=\"og:type\" content=\"article\" \/>\n<meta property=\"og:title\" content=\"Ne vedem online? - echilibrat.eu\" \/>\n<meta property=\"og:description\" content=\"Suntem aici pentru tine! Ai nevoie de mai mult? Hai s\u0103 lu\u0103m leg\u0103tura! Rezerv\u0103 o \u00eent\u00e2lnire de 30 de minute...\" \/>\n<meta property=\"og:url\" content=\"https:\/\/echilibrat.eu\/index.php\/ne-vedem-online\/\" \/>\n<meta property=\"og:site_name\" content=\"echilibrat.eu\" \/>\n<meta property=\"article:publisher\" content=\"https:\/\/www.facebook.com\/sorin.rimbu.equilibrium\" \/>\n<meta property=\"article:modified_time\" content=\"2024-10-30T20:49:04+00:00\" \/>\n<meta name=\"twitter:card\" content=\"summary_large_image\" \/>\n<meta name=\"twitter:label1\" content=\"Estimated reading time\" \/>\n\t<meta name=\"twitter:data1\" content=\"1 minute\" \/>\n<script type=\"application\/ld+json\" class=\"yoast-schema-graph\">{\"@context\":\"https:\\\/\\\/schema.org\",\"@graph\":[{\"@type\":\"WebPage\",\"@id\":\"https:\\\/\\\/echilibrat.eu\\\/index.php\\\/ne-vedem-online\\\/\",\"url\":\"https:\\\/\\\/echilibrat.eu\\\/index.php\\\/ne-vedem-online\\\/\",\"name\":\"Ne vedem online? - echilibrat.eu\",\"isPartOf\":{\"@id\":\"https:\\\/\\\/echilibrat.eu\\\/#website\"},\"datePublished\":\"2024-02-27T20:13:26+00:00\",\"dateModified\":\"2024-10-30T20:49:04+00:00\",\"breadcrumb\":{\"@id\":\"https:\\\/\\\/echilibrat.eu\\\/index.php\\\/ne-vedem-online\\\/#breadcrumb\"},\"inLanguage\":\"en-GB\",\"potentialAction\":[{\"@type\":\"ReadAction\",\"target\":[\"https:\\\/\\\/echilibrat.eu\\\/index.php\\\/ne-vedem-online\\\/\"]}]},{\"@type\":\"BreadcrumbList\",\"@id\":\"https:\\\/\\\/echilibrat.eu\\\/index.php\\\/ne-vedem-online\\\/#breadcrumb\",\"itemListElement\":[{\"@type\":\"ListItem\",\"position\":1,\"name\":\"Home\",\"item\":\"https:\\\/\\\/echilibrat.eu\\\/\"},{\"@type\":\"ListItem\",\"position\":2,\"name\":\"Ne vedem online?\"}]},{\"@type\":\"WebSite\",\"@id\":\"https:\\\/\\\/echilibrat.eu\\\/#website\",\"url\":\"https:\\\/\\\/echilibrat.eu\\\/\",\"name\":\"echilibrat.eu\",\"description\":\"\",\"potentialAction\":[{\"@type\":\"SearchAction\",\"target\":{\"@type\":\"EntryPoint\",\"urlTemplate\":\"https:\\\/\\\/echilibrat.eu\\\/?s={search_term_string}\"},\"query-input\":{\"@type\":\"PropertyValueSpecification\",\"valueRequired\":true,\"valueName\":\"search_term_string\"}}],\"inLanguage\":\"en-GB\"}]}<\/script>\n<!-- \/ Yoast SEO plugin. -->","yoast_head_json":{"title":"Ne vedem online? - echilibrat.eu","robots":{"index":"index","follow":"follow","max-snippet":"max-snippet:-1","max-image-preview":"max-image-preview:large","max-video-preview":"max-video-preview:-1"},"canonical":"https:\/\/echilibrat.eu\/index.php\/ne-vedem-online\/","og_locale":"en_GB","og_type":"article","og_title":"Ne vedem online? - echilibrat.eu","og_description":"Suntem aici pentru tine! Ai nevoie de mai mult? Hai s\u0103 lu\u0103m leg\u0103tura! Rezerv\u0103 o \u00eent\u00e2lnire de 30 de minute...","og_url":"https:\/\/echilibrat.eu\/index.php\/ne-vedem-online\/","og_site_name":"echilibrat.eu","article_publisher":"https:\/\/www.facebook.com\/sorin.rimbu.equilibrium","article_modified_time":"2024-10-30T20:49:04+00:00","twitter_card":"summary_large_image","twitter_misc":{"Estimated reading time":"1 minute"},"schema":{"@context":"https:\/\/schema.org","@graph":[{"@type":"WebPage","@id":"https:\/\/echilibrat.eu\/index.php\/ne-vedem-online\/","url":"https:\/\/echilibrat.eu\/index.php\/ne-vedem-online\/","name":"Ne vedem online? - echilibrat.eu","isPartOf":{"@id":"https:\/\/echilibrat.eu\/#website"},"datePublished":"2024-02-27T20:13:26+00:00","dateModified":"2024-10-30T20:49:04+00:00","breadcrumb":{"@id":"https:\/\/echilibrat.eu\/index.php\/ne-vedem-online\/#breadcrumb"},"inLanguage":"en-GB","potentialAction":[{"@type":"ReadAction","target":["https:\/\/echilibrat.eu\/index.php\/ne-vedem-online\/"]}]},{"@type":"BreadcrumbList","@id":"https:\/\/echilibrat.eu\/index.php\/ne-vedem-online\/#breadcrumb","itemListElement":[{"@type":"ListItem","position":1,"name":"Home","item":"https:\/\/echilibrat.eu\/"},{"@type":"ListItem","position":2,"name":"Ne vedem online?"}]},{"@type":"WebSite","@id":"https:\/\/echilibrat.eu\/#website","url":"https:\/\/echilibrat.eu\/","name":"echilibrat.eu","description":"","potentialAction":[{"@type":"SearchAction","target":{"@type":"EntryPoint","urlTemplate":"https:\/\/echilibrat.eu\/?s={search_term_string}"},"query-input":{"@type":"PropertyValueSpecification","valueRequired":true,"valueName":"search_term_string"}}],"inLanguage":"en-GB"}]}},"_links":{"self":[{"href":"https:\/\/echilibrat.eu\/index.php\/wp-json\/wp\/v2\/pages\/13624","targetHints":{"allow":["GET"]}}],"collection":[{"href":"https:\/\/echilibrat.eu\/index.php\/wp-json\/wp\/v2\/pages"}],"about":[{"href":"https:\/\/echilibrat.eu\/index.php\/wp-json\/wp\/v2\/types\/page"}],"author":[{"embeddable":true,"href":"https:\/\/echilibrat.eu\/index.php\/wp-json\/wp\/v2\/users\/1"}],"replies":[{"embeddable":true,"href":"https:\/\/echilibrat.eu\/index.php\/wp-json\/wp\/v2\/comments?post=13624"}],"version-history":[{"count":43,"href":"https:\/\/echilibrat.eu\/index.php\/wp-json\/wp\/v2\/pages\/13624\/revisions"}],"predecessor-version":[{"id":16391,"href":"https:\/\/echilibrat.eu\/index.php\/wp-json\/wp\/v2\/pages\/13624\/revisions\/16391"}],"wp:attachment":[{"href":"https:\/\/echilibrat.eu\/index.php\/wp-json\/wp\/v2\/media?parent=13624"}],"curies":[{"name":"wp","href":"https:\/\/api.w.org\/{rel}","templated":true}]}}