{"id":15173,"date":"2024-09-23T18:09:35","date_gmt":"2024-09-23T15:09:35","guid":{"rendered":"https:\/\/echilibrat.eu\/?page_id=15173"},"modified":"2024-11-06T21:50:30","modified_gmt":"2024-11-06T19:50:30","slug":"terapeuti-financiari","status":"publish","type":"page","link":"https:\/\/echilibrat.eu\/index.php\/terapeuti-financiari\/","title":{"rendered":"Terapeu\u021bi financiari"},"content":{"rendered":"\t\t<div data-elementor-type=\"wp-page\" data-elementor-id=\"15173\" class=\"elementor elementor-15173\" data-elementor-post-type=\"page\">\n\t\t\t\t<div class=\"elementor-element elementor-element-8607ba0 e-flex e-con-boxed e-con e-parent\" data-id=\"8607ba0\" data-element_type=\"container\" data-settings=\"{&quot;background_background&quot;:&quot;classic&quot;}\" data-core-v316-plus=\"true\">\n\t\t\t\t\t<div class=\"e-con-inner\">\n\t\t<div class=\"elementor-element elementor-element-5662be8 e-con-full e-flex e-con e-child\" data-id=\"5662be8\" data-element_type=\"container\">\n\t\t\t\t<div class=\"elementor-element elementor-element-a8aa0ad elementor-widget elementor-widget-heading\" data-id=\"a8aa0ad\" data-element_type=\"widget\" data-widget_type=\"heading.default\">\n\t\t\t\t<div class=\"elementor-widget-container\">\n\t\t\t<style>\/*! elementor - v3.20.0 - 26-03-2024 *\/\n.elementor-heading-title{padding:0;margin:0;line-height:1}.elementor-widget-heading .elementor-heading-title[class*=elementor-size-]>a{color:inherit;font-size:inherit;line-height:inherit}.elementor-widget-heading .elementor-heading-title.elementor-size-small{font-size:15px}.elementor-widget-heading .elementor-heading-title.elementor-size-medium{font-size:19px}.elementor-widget-heading .elementor-heading-title.elementor-size-large{font-size:29px}.elementor-widget-heading .elementor-heading-title.elementor-size-xl{font-size:39px}.elementor-widget-heading .elementor-heading-title.elementor-size-xxl{font-size:59px}<\/style><h2 class=\"elementor-heading-title elementor-size-default\">Pentru a intra \u00een acest proiect unic ne po\u021bi scrie pe whatsapp la 0768 182 204 sau po\u021bi planifica un apel video de 30 min.<\/h2>\t\t<\/div>\n\t\t\t\t<\/div>\n\t\t\t\t<\/div>\n\t\t<div class=\"elementor-element elementor-element-d55cb80 e-con-full e-flex e-con e-child\" data-id=\"d55cb80\" data-element_type=\"container\">\n\t\t\t\t<div class=\"elementor-element elementor-element-295a60f elementor-align-justify elementor-widget elementor-widget-button\" data-id=\"295a60f\" data-element_type=\"widget\" data-widget_type=\"button.default\">\n\t\t\t\t<div class=\"elementor-widget-container\">\n\t\t\t\t\t<div class=\"elementor-button-wrapper\">\n\t\t\t<a class=\"elementor-button elementor-button-link elementor-size-sm\" href=\"https:\/\/echilibrat.eu\/index.php\/ne-vedem-online\/\" target=\"_blank\">\n\t\t\t\t\t\t<span class=\"elementor-button-content-wrapper\">\n\t\t\t\t\t\t<span class=\"elementor-button-text\">Planific\u0103 un apel video<\/span>\n\t\t<\/span>\n\t\t\t\t\t<\/a>\n\t\t<\/div>\n\t\t\t\t<\/div>\n\t\t\t\t<\/div>\n\t\t\t\t<\/div>\n\t\t\t\t\t<\/div>\n\t\t\t\t<\/div>\n\t\t<div class=\"elementor-element elementor-element-e017705 e-flex e-con-boxed e-con e-parent\" data-id=\"e017705\" data-element_type=\"container\" data-settings=\"{&quot;background_background&quot;:&quot;classic&quot;}\" data-core-v316-plus=\"true\">\n\t\t\t\t\t<div class=\"e-con-inner\">\n\t\t<div class=\"elementor-element elementor-element-483468a e-con-full e-flex e-con e-child\" data-id=\"483468a\" data-element_type=\"container\">\n\t\t\t\t<\/div>\n\t\t\t\t\t<\/div>\n\t\t\t\t<\/div>\n\t\t<div class=\"elementor-element elementor-element-3e233f1 e-grid e-con-boxed e-con e-parent\" data-id=\"3e233f1\" data-element_type=\"container\" data-settings=\"{&quot;background_background&quot;:&quot;classic&quot;}\" data-core-v316-plus=\"true\">\n\t\t\t\t\t<div class=\"e-con-inner\">\n\t\t\t\t<div class=\"elementor-element elementor-element-d81af67 elementor-align-center elementor-widget elementor-widget-button\" data-id=\"d81af67\" data-element_type=\"widget\" data-widget_type=\"button.default\">\n\t\t\t\t<div class=\"elementor-widget-container\">\n\t\t\t\t\t<div class=\"elementor-button-wrapper\">\n\t\t\t<a class=\"elementor-button elementor-button-link elementor-size-sm\" href=\"https:\/\/echilibrat.eu\/index.php\/ne-vedem-online\/\">\n\t\t\t\t\t\t<span class=\"elementor-button-content-wrapper\">\n\t\t\t\t\t\t<span class=\"elementor-button-text\">Planific\u0103 o \u00eent\u00e2lnire online cu Team One<\/span>\n\t\t<\/span>\n\t\t\t\t\t<\/a>\n\t\t<\/div>\n\t\t\t\t<\/div>\n\t\t\t\t<\/div>\n\t\t\t\t\t<\/div>\n\t\t\t\t<\/div>\n\t\t\t\t<\/div>\n\t\t","protected":false},"excerpt":{"rendered":"<p>Pentru a intra \u00een acest proiect unic ne po\u021bi scrie pe whatsapp la 0768 182 204 sau po\u021bi planifica un&#8230;<\/p>\n","protected":false},"author":1,"featured_media":15149,"parent":0,"menu_order":0,"comment_status":"closed","ping_status":"closed","template":"elementor_header_footer","meta":{"footnotes":""},"class_list":["post-15173","page","type-page","status-publish","has-post-thumbnail","hentry"],"yoast_head":"<!-- This site is optimized with the Yoast SEO plugin v27.5 - https:\/\/yoast.com\/product\/yoast-seo-wordpress\/ -->\n<title>Terapeu\u021bi financiari - echilibrat.eu<\/title>\n<meta name=\"robots\" content=\"index, follow, max-snippet:-1, max-image-preview:large, max-video-preview:-1\" \/>\n<link rel=\"canonical\" href=\"https:\/\/echilibrat.eu\/index.php\/terapeuti-financiari\/\" \/>\n<meta property=\"og:locale\" content=\"en_GB\" \/>\n<meta property=\"og:type\" content=\"article\" \/>\n<meta property=\"og:title\" content=\"Terapeu\u021bi financiari - echilibrat.eu\" \/>\n<meta property=\"og:description\" content=\"Pentru a intra \u00een acest proiect unic ne po\u021bi scrie pe whatsapp la 0768 182 204 sau po\u021bi planifica un...\" \/>\n<meta property=\"og:url\" content=\"https:\/\/echilibrat.eu\/index.php\/terapeuti-financiari\/\" \/>\n<meta property=\"og:site_name\" content=\"echilibrat.eu\" \/>\n<meta property=\"article:publisher\" content=\"https:\/\/www.facebook.com\/sorin.rimbu.equilibrium\" \/>\n<meta property=\"article:modified_time\" content=\"2024-11-06T19:50:30+00:00\" \/>\n<meta property=\"og:image\" content=\"http:\/\/echilibrat.eu\/wp-content\/uploads\/2024\/09\/Terapeuti-psiho.jpg\" \/>\n\t<meta property=\"og:image:width\" content=\"600\" \/>\n\t<meta property=\"og:image:height\" content=\"311\" \/>\n\t<meta property=\"og:image:type\" content=\"image\/jpeg\" \/>\n<meta name=\"twitter:card\" content=\"summary_large_image\" \/>\n<meta name=\"twitter:label1\" content=\"Estimated reading time\" \/>\n\t<meta name=\"twitter:data1\" content=\"1 minute\" \/>\n<script type=\"application\/ld+json\" class=\"yoast-schema-graph\">{\"@context\":\"https:\\\/\\\/schema.org\",\"@graph\":[{\"@type\":\"WebPage\",\"@id\":\"https:\\\/\\\/echilibrat.eu\\\/index.php\\\/terapeuti-financiari\\\/\",\"url\":\"https:\\\/\\\/echilibrat.eu\\\/index.php\\\/terapeuti-financiari\\\/\",\"name\":\"Terapeu\u021bi financiari - echilibrat.eu\",\"isPartOf\":{\"@id\":\"https:\\\/\\\/echilibrat.eu\\\/#website\"},\"primaryImageOfPage\":{\"@id\":\"https:\\\/\\\/echilibrat.eu\\\/index.php\\\/terapeuti-financiari\\\/#primaryimage\"},\"image\":{\"@id\":\"https:\\\/\\\/echilibrat.eu\\\/index.php\\\/terapeuti-financiari\\\/#primaryimage\"},\"thumbnailUrl\":\"https:\\\/\\\/echilibrat.eu\\\/wp-content\\\/uploads\\\/2024\\\/09\\\/Terapeuti-psiho.jpg\",\"datePublished\":\"2024-09-23T15:09:35+00:00\",\"dateModified\":\"2024-11-06T19:50:30+00:00\",\"breadcrumb\":{\"@id\":\"https:\\\/\\\/echilibrat.eu\\\/index.php\\\/terapeuti-financiari\\\/#breadcrumb\"},\"inLanguage\":\"en-GB\",\"potentialAction\":[{\"@type\":\"ReadAction\",\"target\":[\"https:\\\/\\\/echilibrat.eu\\\/index.php\\\/terapeuti-financiari\\\/\"]}]},{\"@type\":\"ImageObject\",\"inLanguage\":\"en-GB\",\"@id\":\"https:\\\/\\\/echilibrat.eu\\\/index.php\\\/terapeuti-financiari\\\/#primaryimage\",\"url\":\"https:\\\/\\\/echilibrat.eu\\\/wp-content\\\/uploads\\\/2024\\\/09\\\/Terapeuti-psiho.jpg\",\"contentUrl\":\"https:\\\/\\\/echilibrat.eu\\\/wp-content\\\/uploads\\\/2024\\\/09\\\/Terapeuti-psiho.jpg\",\"width\":600,\"height\":311},{\"@type\":\"BreadcrumbList\",\"@id\":\"https:\\\/\\\/echilibrat.eu\\\/index.php\\\/terapeuti-financiari\\\/#breadcrumb\",\"itemListElement\":[{\"@type\":\"ListItem\",\"position\":1,\"name\":\"Home\",\"item\":\"https:\\\/\\\/echilibrat.eu\\\/\"},{\"@type\":\"ListItem\",\"position\":2,\"name\":\"Terapeu\u021bi financiari\"}]},{\"@type\":\"WebSite\",\"@id\":\"https:\\\/\\\/echilibrat.eu\\\/#website\",\"url\":\"https:\\\/\\\/echilibrat.eu\\\/\",\"name\":\"echilibrat.eu\",\"description\":\"\",\"potentialAction\":[{\"@type\":\"SearchAction\",\"target\":{\"@type\":\"EntryPoint\",\"urlTemplate\":\"https:\\\/\\\/echilibrat.eu\\\/?s={search_term_string}\"},\"query-input\":{\"@type\":\"PropertyValueSpecification\",\"valueRequired\":true,\"valueName\":\"search_term_string\"}}],\"inLanguage\":\"en-GB\"}]}<\/script>\n<!-- \/ Yoast SEO plugin. -->","yoast_head_json":{"title":"Terapeu\u021bi financiari - echilibrat.eu","robots":{"index":"index","follow":"follow","max-snippet":"max-snippet:-1","max-image-preview":"max-image-preview:large","max-video-preview":"max-video-preview:-1"},"canonical":"https:\/\/echilibrat.eu\/index.php\/terapeuti-financiari\/","og_locale":"en_GB","og_type":"article","og_title":"Terapeu\u021bi financiari - echilibrat.eu","og_description":"Pentru a intra \u00een acest proiect unic ne po\u021bi scrie pe whatsapp la 0768 182 204 sau po\u021bi planifica un...","og_url":"https:\/\/echilibrat.eu\/index.php\/terapeuti-financiari\/","og_site_name":"echilibrat.eu","article_publisher":"https:\/\/www.facebook.com\/sorin.rimbu.equilibrium","article_modified_time":"2024-11-06T19:50:30+00:00","og_image":[{"width":600,"height":311,"url":"http:\/\/echilibrat.eu\/wp-content\/uploads\/2024\/09\/Terapeuti-psiho.jpg","type":"image\/jpeg"}],"twitter_card":"summary_large_image","twitter_misc":{"Estimated reading time":"1 minute"},"schema":{"@context":"https:\/\/schema.org","@graph":[{"@type":"WebPage","@id":"https:\/\/echilibrat.eu\/index.php\/terapeuti-financiari\/","url":"https:\/\/echilibrat.eu\/index.php\/terapeuti-financiari\/","name":"Terapeu\u021bi financiari - echilibrat.eu","isPartOf":{"@id":"https:\/\/echilibrat.eu\/#website"},"primaryImageOfPage":{"@id":"https:\/\/echilibrat.eu\/index.php\/terapeuti-financiari\/#primaryimage"},"image":{"@id":"https:\/\/echilibrat.eu\/index.php\/terapeuti-financiari\/#primaryimage"},"thumbnailUrl":"https:\/\/echilibrat.eu\/wp-content\/uploads\/2024\/09\/Terapeuti-psiho.jpg","datePublished":"2024-09-23T15:09:35+00:00","dateModified":"2024-11-06T19:50:30+00:00","breadcrumb":{"@id":"https:\/\/echilibrat.eu\/index.php\/terapeuti-financiari\/#breadcrumb"},"inLanguage":"en-GB","potentialAction":[{"@type":"ReadAction","target":["https:\/\/echilibrat.eu\/index.php\/terapeuti-financiari\/"]}]},{"@type":"ImageObject","inLanguage":"en-GB","@id":"https:\/\/echilibrat.eu\/index.php\/terapeuti-financiari\/#primaryimage","url":"https:\/\/echilibrat.eu\/wp-content\/uploads\/2024\/09\/Terapeuti-psiho.jpg","contentUrl":"https:\/\/echilibrat.eu\/wp-content\/uploads\/2024\/09\/Terapeuti-psiho.jpg","width":600,"height":311},{"@type":"BreadcrumbList","@id":"https:\/\/echilibrat.eu\/index.php\/terapeuti-financiari\/#breadcrumb","itemListElement":[{"@type":"ListItem","position":1,"name":"Home","item":"https:\/\/echilibrat.eu\/"},{"@type":"ListItem","position":2,"name":"Terapeu\u021bi financiari"}]},{"@type":"WebSite","@id":"https:\/\/echilibrat.eu\/#website","url":"https:\/\/echilibrat.eu\/","name":"echilibrat.eu","description":"","potentialAction":[{"@type":"SearchAction","target":{"@type":"EntryPoint","urlTemplate":"https:\/\/echilibrat.eu\/?s={search_term_string}"},"query-input":{"@type":"PropertyValueSpecification","valueRequired":true,"valueName":"search_term_string"}}],"inLanguage":"en-GB"}]}},"_links":{"self":[{"href":"https:\/\/echilibrat.eu\/index.php\/wp-json\/wp\/v2\/pages\/15173","targetHints":{"allow":["GET"]}}],"collection":[{"href":"https:\/\/echilibrat.eu\/index.php\/wp-json\/wp\/v2\/pages"}],"about":[{"href":"https:\/\/echilibrat.eu\/index.php\/wp-json\/wp\/v2\/types\/page"}],"author":[{"embeddable":true,"href":"https:\/\/echilibrat.eu\/index.php\/wp-json\/wp\/v2\/users\/1"}],"replies":[{"embeddable":true,"href":"https:\/\/echilibrat.eu\/index.php\/wp-json\/wp\/v2\/comments?post=15173"}],"version-history":[{"count":55,"href":"https:\/\/echilibrat.eu\/index.php\/wp-json\/wp\/v2\/pages\/15173\/revisions"}],"predecessor-version":[{"id":16457,"href":"https:\/\/echilibrat.eu\/index.php\/wp-json\/wp\/v2\/pages\/15173\/revisions\/16457"}],"wp:featuredmedia":[{"embeddable":true,"href":"https:\/\/echilibrat.eu\/index.php\/wp-json\/wp\/v2\/media\/15149"}],"wp:attachment":[{"href":"https:\/\/echilibrat.eu\/index.php\/wp-json\/wp\/v2\/media?parent=15173"}],"curies":[{"name":"wp","href":"https:\/\/api.w.org\/{rel}","templated":true}]}}